{"id":6,"date":"2017-10-19T04:41:49","date_gmt":"2017-10-19T04:41:49","guid":{"rendered":"http:\/\/markotrnavacbrassband.com\/one-page-express\/"},"modified":"2021-12-07T14:35:47","modified_gmt":"2021-12-07T14:35:47","slug":"one-page-express","status":"publish","type":"page","link":"https:\/\/markotrnavacbrassband.com\/Srb\/","title":{"rendered":"Front Page"},"content":{"rendered":"<div id=\"content-3\" class=\"content-left-image-section\" style=\"background-color: #ffffff;\" data-label=\"Content\" data-id=\"content-image-left\" data-category=\"content\">\n<div class=\"gridContainer\">\n<div class=\"row\">\n<div class=\"content-left-image-imgcol\" data-type=\"column\"><img class=\"\" src=\"http:\/\/markotrnavacbrassband.com\/wp-content\/uploads\/2017\/10\/spontana-beton2_resize.jpg\" \/><\/div>\n<div class=\"content-left-image-textcol dynamic-color\" data-type=\"column\">\n<h2 class=\"\">Marko Trnavac Brass Band<\/h2>\n<p class=\"large_text\">2014. godine Marko Trnavac osniva novi truba\u010dki orkestar zajedno sa mladim i talentovanim kolegama.<\/p>\n<a class=\"button blue\" href=\"http:\/\/markotrnavacbrassband.com\/srb\/o-nama\/\" target=\"_self\" data-wplink-edit=\"true\" rel=\"noopener\"> SAZNAJ VI\u0160E <\/a>\n\n<\/div>\n<\/div>\n<\/div>\n<\/div>\n<div id=\"content-4\" class=\"content-right-image-section\" style=\"background-color: #f6f6f6;\" data-label=\"Content\" data-id=\"content-image-right\" data-category=\"content\">\n<div class=\"gridContainer\">\n<div class=\"content-right-image-gridcol\">\n<div class=\"content-right-image-textcol dynamic-color\" data-type=\"column\">\n<h2 class=\"\">Marko Trnavac<\/h2>\n<p class=\"large_text\">Marko Trnavac je lider orkestra. Svoja prva truba\u010dka iskustva stekao je u najmladjem truba\u010dkom orkestru na Balkanu \u2013 Etno Art.<\/p>\n<a class=\"button blue\" href=\"http:\/\/markotrnavacbrassband.com\/Srb\/marko-trnavac-biografija\/\" target=\"_self\" rel=\"noopener\"> Saznaj Vi\u0161e <\/a>\n\n<\/div>\n<div class=\"content-right-image-imgcol\" data-type=\"column\"><img class=\"\" src=\"http:\/\/markotrnavacbrassband.com\/wp-content\/uploads\/2017\/10\/Marko.jpg\" \/><\/div>\n<\/div>\n<\/div>\n<\/div>\n<div id=\"latest-posts\" class=\"blog-section\" style=\"background-color: #ffffff;\" data-label=\"Latest posts\" data-id=\"blog-section\" data-category=\"latest_news\">\n<div class=\"gridContainer\">\n<div class=\"blog-textrow\">\n<div class=\"blog-textcol dynamic-color\" data-type=\"column\">\n<h2 class=\"\">Vesti i Doga\u0111aji<\/h2>\n<\/div>\n<\/div>\n<div class=\"blog-postsrow dark-text\" data-type=\"row\" data-dynamic-columns=\"one_page_express_latest_news_columns\" data-content-shortcode=\"one_page_express_latest_news\">            <div id=\"post-1\" class=\"blog-postcol cp4cols\">\r\n            <div class=\"post-content\">\r\n                                    <a class=\"post-list-item-thumb\" href=\"https:\/\/markotrnavacbrassband.com\/Srb\/2017\/10\/19\/planovi-za-2018\/\">\r\n                        <img width=\"890\" height=\"510\" src=\"https:\/\/markotrnavacbrassband.com\/Srb\/wp-content\/uploads\/2017\/10\/skadarlija-svirka-1-890x510.jpg\" class=\"attachment-post-thumbnail size-post-thumbnail wp-post-image\" alt=\"\" loading=\"lazy\" \/>                    <\/a>\r\n                                <div class=\"row_345\">\r\n                    <h3 class=\"blog-title\">\r\n                        <a href=\"https:\/\/markotrnavacbrassband.com\/Srb\/2017\/10\/19\/planovi-za-2018\/\" rel=\"bookmark\">\r\n                            Planovi za 2018.                        <\/a>\r\n                    <\/h3>\r\n                    <p>Marko Trnavac Brass Band trenutno rade na novom albumu i pripremaju se za najva\u017enije takmi\u010denje u regionu Sabor truba\u010da u Gu\u010di 2018.<\/p>\n                    <a class=\"button blue small\" href=\"https:\/\/markotrnavacbrassband.com\/Srb\/2017\/10\/19\/planovi-za-2018\/\">\r\n                        <span data-theme=\"one_page_express_latest_news_read_more\">Read more<\/span>\r\n                    <\/a>\r\n                    <hr class=\"blog-separator\">\n<div class=\"post-header\">\n    <i class=\"font-icon-post fa fa-user\"><\/i>\n    <a href=\"https:\/\/markotrnavacbrassband.com\/Srb\/author\/markotrnavac\/\" title=\"Posts by markotrnavac\" rel=\"author\">markotrnavac<\/a>    <i class=\"font-icon-post fa fa-calendar\"><\/i>\n    <span class=\"span12\">October 19, 2017<\/span>\n\n    <i class=\"font-icon-post fa fa-comment-o\"><\/i>\n    <span>0<\/span>\n<\/div>                <\/div>\r\n            <\/div>\r\n        <\/div>\r\n        <\/div>\n<div class=\"blog-textcol\"><a class=\"button blue\" href=\"https:\/\/markotrnavacbrassband.com\/Srb\/news-events\/\" target=\"_self\" data-attr-shortcode=\"href:one_page_express_blog_link\" rel=\"noopener\">POGLEDAJ SVE VESTI<\/a><\/div>\n<\/div>\n<\/div>\n<div id=\"contact-4\" class=\"contact-section-formsection white-text\" data-label=\"Contact\" data-id=\"contact-section\" data-category=\"contact\" data-bg=\"transparent\">\n<div class=\"gridContainer\">\n<div class=\"row_224\">\n<div class=\"contact-textrow\">\n<div class=\"contact-textcol dynamic-color\">\n<h2 class=\"\">Kontakt \/ Booking<\/h2>\n<p class=\"white_text\">Mo\u017eete nas kontaktirati ili bukirati putem kontakt forme ispod.<\/p>\n\n<\/div>\n<\/div>\n<\/div>\n<div class=\"contact-formcol\" data-content-shortcode=\"one_page_express_contact_form shortcode=&quot;contact-form-7 id=&amp;amp;quot;101&amp;amp;quot; title=&amp;amp;quot;Contact form 1&amp;amp;quot;&quot;\" data-editable=\"true\"><div role=\"form\" class=\"wpcf7\" id=\"wpcf7-f101-o1\" lang=\"en-US\" dir=\"ltr\">\n<div class=\"screen-reader-response\"><p role=\"status\" aria-live=\"polite\" aria-atomic=\"true\"><\/p> <ul><\/ul><\/div>\n<form action=\"\/Srb\/wp-json\/wp\/v2\/pages\/6#wpcf7-f101-o1\" method=\"post\" class=\"wpcf7-form init\" novalidate=\"novalidate\" data-status=\"init\">\n<div style=\"display: none;\">\n<input type=\"hidden\" name=\"_wpcf7\" value=\"101\" \/>\n<input type=\"hidden\" name=\"_wpcf7_version\" value=\"5.3.2\" \/>\n<input type=\"hidden\" name=\"_wpcf7_locale\" value=\"en_US\" \/>\n<input type=\"hidden\" name=\"_wpcf7_unit_tag\" value=\"wpcf7-f101-o1\" \/>\n<input type=\"hidden\" name=\"_wpcf7_container_post\" value=\"0\" \/>\n<input type=\"hidden\" name=\"_wpcf7_posted_data_hash\" value=\"\" \/>\n<\/div>\n<p><label> Va\u0161e ime (required)<br \/>\n    <span class=\"wpcf7-form-control-wrap your-name\"><input type=\"text\" name=\"your-name\" value=\"\" size=\"40\" class=\"wpcf7-form-control wpcf7-text wpcf7-validates-as-required\" aria-required=\"true\" aria-invalid=\"false\" \/><\/span> <\/label><\/p>\n<p><label> Va\u0161a Email adresa (required)<br \/>\n    <span class=\"wpcf7-form-control-wrap your-email\"><input type=\"email\" name=\"your-email\" value=\"\" size=\"40\" class=\"wpcf7-form-control wpcf7-text wpcf7-email wpcf7-validates-as-required wpcf7-validates-as-email\" aria-required=\"true\" aria-invalid=\"false\" \/><\/span> <\/label><\/p>\n<p><label> Naslov poruke<br \/>\n    <span class=\"wpcf7-form-control-wrap your-subject\"><input type=\"text\" name=\"your-subject\" value=\"\" size=\"40\" class=\"wpcf7-form-control wpcf7-text\" aria-invalid=\"false\" \/><\/span> <\/label><\/p>\n<p><label> Tekst poruke<br \/>\n    <span class=\"wpcf7-form-control-wrap your-message\"><textarea name=\"your-message\" cols=\"40\" rows=\"10\" class=\"wpcf7-form-control wpcf7-textarea\" aria-invalid=\"false\"><\/textarea><\/span> <\/label><\/p>\n<p><input type=\"submit\" value=\"Send\" class=\"wpcf7-form-control wpcf7-submit\" \/><\/p>\n<div class=\"wpcf7-response-output\" aria-hidden=\"true\"><\/div><\/form><\/div><\/div>\n<\/div>\n<\/div>","protected":false},"excerpt":{"rendered":"<p>Marko Trnavac Brass Band 2014. godine Marko Trnavac osniva novi truba\u010dki orkestar zajedno sa mladim i talentovanim kolegama. SAZNAJ VI\u0160E Marko Trnavac Marko Trnavac je lider orkestra. Svoja prva truba\u010dka iskustva stekao je u najmladjem truba\u010dkom orkestru na Balkanu \u2013 Etno Art. Saznaj Vi\u0161e Vesti i Doga\u0111aji POGLEDAJ SVE VESTI Kontakt \/ Booking Mo\u017eete nas&hellip; <br \/> <a class=\"button small blue\" href=\"https:\/\/markotrnavacbrassband.com\/Srb\/2017\/10\/19\/planovi-za-2018\/\">Read more<\/a><\/p>\n","protected":false},"author":1,"featured_media":0,"parent":0,"menu_order":0,"comment_status":"closed","ping_status":"closed","template":"","meta":[],"_links":{"self":[{"href":"https:\/\/markotrnavacbrassband.com\/Srb\/wp-json\/wp\/v2\/pages\/6"}],"collection":[{"href":"https:\/\/markotrnavacbrassband.com\/Srb\/wp-json\/wp\/v2\/pages"}],"about":[{"href":"https:\/\/markotrnavacbrassband.com\/Srb\/wp-json\/wp\/v2\/types\/page"}],"author":[{"embeddable":true,"href":"https:\/\/markotrnavacbrassband.com\/Srb\/wp-json\/wp\/v2\/users\/1"}],"replies":[{"embeddable":true,"href":"https:\/\/markotrnavacbrassband.com\/Srb\/wp-json\/wp\/v2\/comments?post=6"}],"version-history":[{"count":15,"href":"https:\/\/markotrnavacbrassband.com\/Srb\/wp-json\/wp\/v2\/pages\/6\/revisions"}],"predecessor-version":[{"id":194,"href":"https:\/\/markotrnavacbrassband.com\/Srb\/wp-json\/wp\/v2\/pages\/6\/revisions\/194"}],"wp:attachment":[{"href":"https:\/\/markotrnavacbrassband.com\/Srb\/wp-json\/wp\/v2\/media?parent=6"}],"curies":[{"name":"wp","href":"https:\/\/api.w.org\/{rel}","templated":true}]}}