{"id":27,"date":"2017-10-24T06:43:08","date_gmt":"2017-10-24T06:43:08","guid":{"rendered":"http:\/\/markotrnavacbrassband.com\/?page_id=27"},"modified":"2017-11-02T05:52:13","modified_gmt":"2017-11-02T05:52:13","slug":"marko-trnavac-biografija","status":"publish","type":"page","link":"https:\/\/markotrnavacbrassband.com\/Srb\/marko-trnavac-biografija\/","title":{"rendered":"Marko Trnavac Biografija"},"content":{"rendered":"<h1>Marko Trnavac BioGRAFIJA<\/h1>\n<p><img loading=\"lazy\" class=\"alignleft size-large wp-image-59\" style=\"font-size: 18px;\" src=\"http:\/\/markotrnavacbrassband.com\/wp-content\/uploads\/2017\/10\/Marko-1-1024x683.jpg\" alt=\"\" width=\"640\" height=\"427\" srcset=\"https:\/\/markotrnavacbrassband.com\/Srb\/wp-content\/uploads\/2017\/10\/Marko-1-1024x683.jpg 1024w, https:\/\/markotrnavacbrassband.com\/Srb\/wp-content\/uploads\/2017\/10\/Marko-1-300x200.jpg 300w, https:\/\/markotrnavacbrassband.com\/Srb\/wp-content\/uploads\/2017\/10\/Marko-1-768x512.jpg 768w, https:\/\/markotrnavacbrassband.com\/Srb\/wp-content\/uploads\/2017\/10\/Marko-1.jpg 1200w\" sizes=\"(max-width: 640px) 100vw, 640px\" \/><\/p>\n<p>Marko Trnavac je lider orkestra. Svoja prva truba\u010dka iskustva stekao je u najmla\u0111em truba\u010dkom orkestru na Balkanu Etno Art. Dugo godina je bio sef orkestra. 2004 godine na Saboru truba\u010da u Gu\u010di progla\u0161eni su za najbolji mladi pionirski orkestar, a 2008 godine osvajaju drugo mesto u kategoriji mladih takmi\u010dara, iste godine u Kolovratu osvajaju zlatnu trubu a 2011 godine progla\u0161eni su za najbolji truba\u010dki orkestar. Kao lider ovog orkestra Marko Trnavac je nastupao u 18 zemalja \u0161irom Evrope, a gostovali su u SAD i u \u010cikagu gde su dobili najve\u0107a priznanja kada su odu\u0161evili Amerikance i na\u0161e iseljenike.<\/p>\n<p>2014. godine sa kolegama iz \u0160umadije osniva orkestar koji za kratko vreme postaje prepoznatljiv po izvo\u0111enju tradicionalne i moderne muzike.<\/p>\n<p>&nbsp;<\/p>\n<p>&nbsp;<\/p>\n","protected":false},"excerpt":{"rendered":"<p>Marko Trnavac BioGRAFIJA Marko Trnavac je lider orkestra. Svoja prva truba\u010dka iskustva stekao je u najmla\u0111em truba\u010dkom orkestru na Balkanu Etno Art. Dugo godina je bio sef orkestra. 2004 godine na Saboru truba\u010da u Gu\u010di progla\u0161eni su za najbolji mladi pionirski orkestar, a 2008 godine osvajaju drugo mesto u kategoriji mladih takmi\u010dara, iste godine u&hellip; <br \/> <a class=\"button small blue\" href=\"https:\/\/markotrnavacbrassband.com\/Srb\/marko-trnavac-biografija\/\">Read more<\/a><\/p>\n","protected":false},"author":1,"featured_media":0,"parent":0,"menu_order":0,"comment_status":"closed","ping_status":"closed","template":"page-templates\/homepage.php","meta":[],"_links":{"self":[{"href":"https:\/\/markotrnavacbrassband.com\/Srb\/wp-json\/wp\/v2\/pages\/27"}],"collection":[{"href":"https:\/\/markotrnavacbrassband.com\/Srb\/wp-json\/wp\/v2\/pages"}],"about":[{"href":"https:\/\/markotrnavacbrassband.com\/Srb\/wp-json\/wp\/v2\/types\/page"}],"author":[{"embeddable":true,"href":"https:\/\/markotrnavacbrassband.com\/Srb\/wp-json\/wp\/v2\/users\/1"}],"replies":[{"embeddable":true,"href":"https:\/\/markotrnavacbrassband.com\/Srb\/wp-json\/wp\/v2\/comments?post=27"}],"version-history":[{"count":9,"href":"https:\/\/markotrnavacbrassband.com\/Srb\/wp-json\/wp\/v2\/pages\/27\/revisions"}],"predecessor-version":[{"id":183,"href":"https:\/\/markotrnavacbrassband.com\/Srb\/wp-json\/wp\/v2\/pages\/27\/revisions\/183"}],"wp:attachment":[{"href":"https:\/\/markotrnavacbrassband.com\/Srb\/wp-json\/wp\/v2\/media?parent=27"}],"curies":[{"name":"wp","href":"https:\/\/api.w.org\/{rel}","templated":true}]}}