{"id":25,"date":"2017-10-24T06:42:36","date_gmt":"2017-10-24T06:42:36","guid":{"rendered":"http:\/\/markotrnavacbrassband.com\/?page_id=25"},"modified":"2017-10-31T02:56:46","modified_gmt":"2017-10-31T02:56:46","slug":"o-nama","status":"publish","type":"page","link":"https:\/\/markotrnavacbrassband.com\/Srb\/o-nama\/","title":{"rendered":"O nama"},"content":{"rendered":"<h1>About MARKO TRNAVAC BRASS BAND<\/h1>\n<p><strong style=\"font-size: 18px;\"><img loading=\"lazy\" class=\"alignleft size-large wp-image-52\" style=\"font-size: 18px;\" src=\"http:\/\/markotrnavacbrassband.com\/wp-content\/uploads\/2017\/10\/spontana-beton2_resize-1-1024x683.jpg\" alt=\"\" width=\"640\" height=\"427\" srcset=\"https:\/\/markotrnavacbrassband.com\/Srb\/wp-content\/uploads\/2017\/10\/spontana-beton2_resize-1-1024x683.jpg 1024w, https:\/\/markotrnavacbrassband.com\/Srb\/wp-content\/uploads\/2017\/10\/spontana-beton2_resize-1-300x200.jpg 300w, https:\/\/markotrnavacbrassband.com\/Srb\/wp-content\/uploads\/2017\/10\/spontana-beton2_resize-1-768x512.jpg 768w, https:\/\/markotrnavacbrassband.com\/Srb\/wp-content\/uploads\/2017\/10\/spontana-beton2_resize-1.jpg 1200w\" sizes=\"(max-width: 640px) 100vw, 640px\" \/><\/strong><\/p>\n<p>2014.\u00a0 godine Marko Trnavac osniva trubacki orkestar zajedno sa mladim i talentovanim kolegama.<\/p>\n<p style=\"text-align: left;\"><strong>\u010clanovi orkestra su:<\/strong><\/p>\n<p style=\"text-align: left;\"><strong>Marko Trnavac<\/strong> &#8211;\u00a0 truba<br \/>\n<strong>Aleksandar Minovi\u0107<\/strong> &#8211; truba<br \/>\n<strong>Jovica Jovanovi\u0107<\/strong>\u00a0&#8211; truba<br \/>\n<strong>Du\u0161an Simovi\u0107<\/strong>\u00a0&#8211; tenor<br \/>\n<strong>Uros Ivanovi\u0107<\/strong>\u00a0&#8211; tenor<br \/>\n<strong>Ivan Mitri\u0107<\/strong>\u00a0&#8211; tenor<br \/>\n<strong>Goran Radosavljevi\u0107<\/strong>\u00a0&#8211; bas<br \/>\n<strong>Srdjan Beloica<\/strong> &#8211; dobo\u0161<br \/>\n<strong>Marko Mitrovi\u0107<\/strong>\u00a0&#8211; bubanj<\/p>\n<p>&nbsp;<\/p>\n<p>&nbsp;<\/p>\n<p>&nbsp;<\/p>\n<p>&nbsp;<\/p>\n<p><strong><img loading=\"lazy\" class=\"wp-image-45 size-large alignright\" src=\"http:\/\/markotrnavacbrassband.com\/wp-content\/uploads\/2017\/10\/skadarlija-svirka-1024x683.jpg\" alt=\"\" width=\"640\" height=\"427\" srcset=\"https:\/\/markotrnavacbrassband.com\/Srb\/wp-content\/uploads\/2017\/10\/skadarlija-svirka-1024x683.jpg 1024w, https:\/\/markotrnavacbrassband.com\/Srb\/wp-content\/uploads\/2017\/10\/skadarlija-svirka-300x200.jpg 300w, https:\/\/markotrnavacbrassband.com\/Srb\/wp-content\/uploads\/2017\/10\/skadarlija-svirka-768x512.jpg 768w, https:\/\/markotrnavacbrassband.com\/Srb\/wp-content\/uploads\/2017\/10\/skadarlija-svirka.jpg 1200w\" sizes=\"(max-width: 640px) 100vw, 640px\" \/><\/strong><\/p>\n<p>Repertoar orkestra je raznovrstan. Pored tradicionalne i moderne srpske muzike izvode Balkansku muziku, obrade popularnih pop i rok pesama sa EX YU prostora i inostrane hitove.<\/p>\n<p>\u010clanovi orkestra su osvojili mnoge nagrade na takmi\u010denjima truba\u010dkih orkestara u Srbiji. U toku je priprema za najzna\u010dajnije takmi\u010denje truba\u010dkih orkestara Sabor truba\u010da u Gu\u010di.<\/p>\n<p>Orkestar priprema prvi autorski album na kome ce se pored autorskih novih kompozicija naci i obrade starogradskih hitova.<\/p>\n","protected":false},"excerpt":{"rendered":"<p>About MARKO TRNAVAC BRASS BAND 2014.\u00a0 godine Marko Trnavac osniva trubacki orkestar zajedno sa mladim i talentovanim kolegama. \u010clanovi orkestra su: Marko Trnavac &#8211;\u00a0 truba Aleksandar Minovi\u0107 &#8211; truba Jovica Jovanovi\u0107\u00a0&#8211; truba Du\u0161an Simovi\u0107\u00a0&#8211; tenor Uros Ivanovi\u0107\u00a0&#8211; tenor Ivan Mitri\u0107\u00a0&#8211; tenor Goran Radosavljevi\u0107\u00a0&#8211; bas Srdjan Beloica &#8211; dobo\u0161 Marko Mitrovi\u0107\u00a0&#8211; bubanj &nbsp; &nbsp; &nbsp; &nbsp;&hellip; <br \/> <a class=\"button small blue\" href=\"https:\/\/markotrnavacbrassband.com\/Srb\/o-nama\/\">Read more<\/a><\/p>\n","protected":false},"author":1,"featured_media":0,"parent":0,"menu_order":0,"comment_status":"closed","ping_status":"closed","template":"page-templates\/homepage.php","meta":[],"_links":{"self":[{"href":"https:\/\/markotrnavacbrassband.com\/Srb\/wp-json\/wp\/v2\/pages\/25"}],"collection":[{"href":"https:\/\/markotrnavacbrassband.com\/Srb\/wp-json\/wp\/v2\/pages"}],"about":[{"href":"https:\/\/markotrnavacbrassband.com\/Srb\/wp-json\/wp\/v2\/types\/page"}],"author":[{"embeddable":true,"href":"https:\/\/markotrnavacbrassband.com\/Srb\/wp-json\/wp\/v2\/users\/1"}],"replies":[{"embeddable":true,"href":"https:\/\/markotrnavacbrassband.com\/Srb\/wp-json\/wp\/v2\/comments?post=25"}],"version-history":[{"count":12,"href":"https:\/\/markotrnavacbrassband.com\/Srb\/wp-json\/wp\/v2\/pages\/25\/revisions"}],"predecessor-version":[{"id":161,"href":"https:\/\/markotrnavacbrassband.com\/Srb\/wp-json\/wp\/v2\/pages\/25\/revisions\/161"}],"wp:attachment":[{"href":"https:\/\/markotrnavacbrassband.com\/Srb\/wp-json\/wp\/v2\/media?parent=25"}],"curies":[{"name":"wp","href":"https:\/\/api.w.org\/{rel}","templated":true}]}}